{"id":13,"date":"2017-05-03T09:43:41","date_gmt":"2017-05-03T07:43:41","guid":{"rendered":"http:\/\/ecole-senonnes.fr\/?page_id=13"},"modified":"2024-02-15T22:12:38","modified_gmt":"2024-02-15T21:12:38","slug":"equipe","status":"publish","type":"page","link":"http:\/\/ecole-senonnes.fr\/?page_id=13","title":{"rendered":"Equipe"},"content":{"rendered":"<p>L&#8217;\u00e9quipe \u00e9ducative est compos\u00e9e de :<\/p>\n<p>Jocelyne Meignan, enseignante en CE2-CM et cheffe d&#8217;\u00e9tablissement<\/p>\n<p>Samuel Mariaux, enseignant\u00a0 CP- CE1<\/p>\n<p>L\u00e9a Desnos, enseignante en maternelle PS-MS et GS<\/p>\n<p>Nathalie Madeline ASEM<\/p>\n<p>Christine Paillard AESH<\/p>\n\n\n<figure class=\"wp-block-gallery has-nested-images columns-default is-cropped wp-block-gallery-1 is-layout-flex wp-block-gallery-is-layout-flex\">\n<figure class=\"wp-block-image size-large\"><img loading=\"lazy\" decoding=\"async\" width=\"1024\" height=\"768\" data-id=\"1928\" src=\"http:\/\/ecole-senonnes.fr\/wp-content\/uploads\/21-1-1024x768.jpg\" alt=\"\" class=\"wp-image-1928\" srcset=\"http:\/\/ecole-senonnes.fr\/wp-content\/uploads\/21-1-1024x768.jpg 1024w, http:\/\/ecole-senonnes.fr\/wp-content\/uploads\/21-1-300x225.jpg 300w, http:\/\/ecole-senonnes.fr\/wp-content\/uploads\/21-1-768x576.jpg 768w, http:\/\/ecole-senonnes.fr\/wp-content\/uploads\/21-1-1536x1152.jpg 1536w, http:\/\/ecole-senonnes.fr\/wp-content\/uploads\/21-1-320x240.jpg 320w, http:\/\/ecole-senonnes.fr\/wp-content\/uploads\/21-1-150x113.jpg 150w, http:\/\/ecole-senonnes.fr\/wp-content\/uploads\/21-1.jpg 1600w\" sizes=\"auto, (max-width: 1024px) 100vw, 1024px\" \/><\/figure>\n<\/figure>\n","protected":false},"excerpt":{"rendered":"<p>L&#8217;\u00e9quipe \u00e9ducative est compos\u00e9e de : Jocelyne Meignan, enseignante en CE2-CM et cheffe d&#8217;\u00e9tablissement Samuel Mariaux, enseignant\u00a0 CP- CE1 L\u00e9a Desnos, enseignante en maternelle PS-MS et GS Nathalie Madeline ASEM Christine Paillard AESH<\/p>\n<p class=\"continue-reading-button\"> <a class=\"continue-reading-link\" href=\"http:\/\/ecole-senonnes.fr\/?page_id=13\">Lire Plus&#8230;<i class=\"crycon-right-dir\"><\/i><\/a><\/p>\n","protected":false},"author":2,"featured_media":0,"parent":0,"menu_order":0,"comment_status":"closed","ping_status":"closed","template":"","meta":{"footnotes":""},"class_list":["post-13","page","type-page","status-publish","hentry"],"_links":{"self":[{"href":"http:\/\/ecole-senonnes.fr\/index.php?rest_route=\/wp\/v2\/pages\/13","targetHints":{"allow":["GET"]}}],"collection":[{"href":"http:\/\/ecole-senonnes.fr\/index.php?rest_route=\/wp\/v2\/pages"}],"about":[{"href":"http:\/\/ecole-senonnes.fr\/index.php?rest_route=\/wp\/v2\/types\/page"}],"author":[{"embeddable":true,"href":"http:\/\/ecole-senonnes.fr\/index.php?rest_route=\/wp\/v2\/users\/2"}],"replies":[{"embeddable":true,"href":"http:\/\/ecole-senonnes.fr\/index.php?rest_route=%2Fwp%2Fv2%2Fcomments&post=13"}],"version-history":[{"count":13,"href":"http:\/\/ecole-senonnes.fr\/index.php?rest_route=\/wp\/v2\/pages\/13\/revisions"}],"predecessor-version":[{"id":2013,"href":"http:\/\/ecole-senonnes.fr\/index.php?rest_route=\/wp\/v2\/pages\/13\/revisions\/2013"}],"wp:attachment":[{"href":"http:\/\/ecole-senonnes.fr\/index.php?rest_route=%2Fwp%2Fv2%2Fmedia&parent=13"}],"curies":[{"name":"wp","href":"https:\/\/api.w.org\/{rel}","templated":true}]}}