{"id":17,"date":"2017-05-03T09:44:24","date_gmt":"2017-05-03T07:44:24","guid":{"rendered":"http:\/\/ecole-senonnes.fr\/?page_id=17"},"modified":"2024-02-15T22:23:12","modified_gmt":"2024-02-15T21:23:12","slug":"associations","status":"publish","type":"page","link":"http:\/\/ecole-senonnes.fr\/?page_id=17","title":{"rendered":"Associations"},"content":{"rendered":"<h1>APEL<\/h1>\n<p>L\u2019APEL est une association de type loi 1901.<\/p>\n<ul>\n<li>Fonctionnement : gr\u00e2ce \u00e0 un bureau dont les membres sont \u00e9lus chaque ann\u00e9e par les parents d\u2019\u00e9l\u00e8ves<\/li>\n<\/ul>\n<ul>\n<li>R\u00f4le : s\u2019occuper de la vie sociale de l\u2019\u00e9cole, hors enseignement, en organisant diff\u00e9rentes manifestations scolaires afin d\u2019animer l\u2019\u00e9cole en y cr\u00e9ant une ambiance chaleureuse et familiale, r\u00e9colt\u00e9s des fonds pour am\u00e9liorer le quotidien des enfants au sein de l\u2019\u00e9tablissement<\/li>\n<\/ul>\n<p>Pr\u00e9sidente : Mme Ludivine Macquaire<\/p>\n<h1>OGEC<\/h1>\n<p>L\u2019Organisme de Gestion de l\u2019Etablissement Catholique d\u2019enseignement (OGEC) est une association de type loi 1901, compos\u00e9e de b\u00e9n\u00e9voles choisis en fonction de leur disponibilit\u00e9s et de leur comp\u00e9tences.<\/p>\n<p>L\u2019OGEC est l\u2019employeur du personnel OGEC.<\/p>\n<p>L\u2019OGEC assume la vie mat\u00e9rielle et financi\u00e8re de l\u2019\u00e9tablissement, la tr\u00e9sorerie, la comptabilit\u00e9, la restauration, l\u2019achat de mat\u00e9riel, \u2026<\/p>\n<p>L\u2019OGEC a la charge de l\u2019entretien des b\u00e2timents scolaires, voire leur construction si n\u00e9cessaire.<\/p>\n<p>Pr\u00e9sidente : Mme St\u00e9phanie Jousselin<\/p>\n\n\n<p><img decoding=\"async\" src=\"http:\/\/ecole-senonnes.fr\/wp-admin\/admin-ajax.php?action=imgedit-preview&amp;_ajax_nonce=4c7873e44f&amp;postid=849&amp;rand=78831\" \/><\/p>\n\n\n\n<figure class=\"wp-block-gallery has-nested-images columns-default is-cropped wp-block-gallery-1 is-layout-flex wp-block-gallery-is-layout-flex\">\n<figure class=\"wp-block-image size-large\"><img loading=\"lazy\" decoding=\"async\" width=\"1024\" height=\"768\" data-id=\"2016\" src=\"http:\/\/ecole-senonnes.fr\/wp-content\/uploads\/WhatsApp-Image-2023-12-04-a-18.40.14_eb2177d6-1-1024x768.jpg\" alt=\"\" class=\"wp-image-2016\" srcset=\"http:\/\/ecole-senonnes.fr\/wp-content\/uploads\/WhatsApp-Image-2023-12-04-a-18.40.14_eb2177d6-1-1024x768.jpg 1024w, http:\/\/ecole-senonnes.fr\/wp-content\/uploads\/WhatsApp-Image-2023-12-04-a-18.40.14_eb2177d6-1-300x225.jpg 300w, http:\/\/ecole-senonnes.fr\/wp-content\/uploads\/WhatsApp-Image-2023-12-04-a-18.40.14_eb2177d6-1-768x576.jpg 768w, http:\/\/ecole-senonnes.fr\/wp-content\/uploads\/WhatsApp-Image-2023-12-04-a-18.40.14_eb2177d6-1-1536x1152.jpg 1536w, http:\/\/ecole-senonnes.fr\/wp-content\/uploads\/WhatsApp-Image-2023-12-04-a-18.40.14_eb2177d6-1-320x240.jpg 320w, http:\/\/ecole-senonnes.fr\/wp-content\/uploads\/WhatsApp-Image-2023-12-04-a-18.40.14_eb2177d6-1-150x113.jpg 150w, http:\/\/ecole-senonnes.fr\/wp-content\/uploads\/WhatsApp-Image-2023-12-04-a-18.40.14_eb2177d6-1.jpg 1600w\" sizes=\"auto, (max-width: 1024px) 100vw, 1024px\" \/><\/figure>\n<\/figure>\n","protected":false},"excerpt":{"rendered":"<p>APEL L\u2019APEL est une association de type loi 1901. Fonctionnement : gr\u00e2ce \u00e0 un bureau dont les membres sont \u00e9lus chaque ann\u00e9e par les parents d\u2019\u00e9l\u00e8ves R\u00f4le : s\u2019occuper de la vie sociale de l\u2019\u00e9cole, hors enseignement, en organisant diff\u00e9rentes manifestations scolaires afin d\u2019animer l\u2019\u00e9cole en y cr\u00e9ant une ambiance\u2026<\/p>\n<p class=\"continue-reading-button\"> <a class=\"continue-reading-link\" href=\"http:\/\/ecole-senonnes.fr\/?page_id=17\">Lire Plus&#8230;<i class=\"crycon-right-dir\"><\/i><\/a><\/p>\n","protected":false},"author":2,"featured_media":0,"parent":0,"menu_order":0,"comment_status":"closed","ping_status":"closed","template":"","meta":{"footnotes":""},"class_list":["post-17","page","type-page","status-publish","hentry"],"_links":{"self":[{"href":"http:\/\/ecole-senonnes.fr\/index.php?rest_route=\/wp\/v2\/pages\/17","targetHints":{"allow":["GET"]}}],"collection":[{"href":"http:\/\/ecole-senonnes.fr\/index.php?rest_route=\/wp\/v2\/pages"}],"about":[{"href":"http:\/\/ecole-senonnes.fr\/index.php?rest_route=\/wp\/v2\/types\/page"}],"author":[{"embeddable":true,"href":"http:\/\/ecole-senonnes.fr\/index.php?rest_route=\/wp\/v2\/users\/2"}],"replies":[{"embeddable":true,"href":"http:\/\/ecole-senonnes.fr\/index.php?rest_route=%2Fwp%2Fv2%2Fcomments&post=17"}],"version-history":[{"count":9,"href":"http:\/\/ecole-senonnes.fr\/index.php?rest_route=\/wp\/v2\/pages\/17\/revisions"}],"predecessor-version":[{"id":2017,"href":"http:\/\/ecole-senonnes.fr\/index.php?rest_route=\/wp\/v2\/pages\/17\/revisions\/2017"}],"wp:attachment":[{"href":"http:\/\/ecole-senonnes.fr\/index.php?rest_route=%2Fwp%2Fv2%2Fmedia&parent=17"}],"curies":[{"name":"wp","href":"https:\/\/api.w.org\/{rel}","templated":true}]}}